{"id":2373,"date":"2025-08-08T09:58:29","date_gmt":"2025-08-08T09:58:29","guid":{"rendered":"https:\/\/sasico.pikathemes.site\/?page_id=2373"},"modified":"2026-03-24T11:00:38","modified_gmt":"2026-03-24T11:00:38","slug":"kontakt","status":"publish","type":"page","link":"https:\/\/bitsync.live\/index.php\/kontakt\/","title":{"rendered":"Kontakt"},"content":{"rendered":"\t\t<div data-elementor-type=\"wp-page\" data-elementor-id=\"2373\" class=\"elementor elementor-2373\">\n\t\t\t\t<div class=\"elementor-element elementor-element-8a5b56a section-padd e-flex e-con-boxed e-con e-parent\" data-id=\"8a5b56a\" data-element_type=\"container\" data-e-type=\"container\">\n\t\t\t\t\t<div class=\"e-con-inner\">\n\t\t<div class=\"elementor-element elementor-element-760e0f0 e-con-full e-flex elementor-invisible e-con e-child\" data-id=\"760e0f0\" data-element_type=\"container\" data-e-type=\"container\" data-settings=\"{&quot;animation&quot;:&quot;bounceInLeft&quot;}\">\n\t\t\t\t<div class=\"elementor-element elementor-element-b0ac289 elementor-widget__width-initial elementor-widget-tablet__width-inherit elementor-widget elementor-widget-sasi-heading\" data-id=\"b0ac289\" data-element_type=\"widget\" data-e-type=\"widget\" data-widget_type=\"sasi-heading.default\">\n\t\t\t\t<div class=\"elementor-widget-container\">\n\t\t\t\t\t\t\t<div class=\"sasi-heading\">\r\n\t        <span class=\"sasi-heading__sub\">Kontaktirajte nas<\/span>\t        <h2 class=\"sasi-heading__title\">Pobolj\u0161ajte Va\u0161e poslovanje<\/h2>\t    <\/div>\r\n\t    \t\t\t\t<\/div>\n\t\t\t\t<\/div>\n\t\t\t\t<div class=\"elementor-element elementor-element-59d0dd3 elementor-widget__width-initial elementor-widget-tablet__width-inherit elementor-widget elementor-widget-text-editor\" data-id=\"59d0dd3\" data-element_type=\"widget\" data-e-type=\"widget\" data-widget_type=\"text-editor.default\">\n\t\t\t\t\t\t\t\t\t<p>Smanjenje ru\u010dnog rada minimizira gre\u0161ke u listingu proizvoda, \u0161to dovodi do ve\u0107e preciznosti u inventaru i opisima proizvoda. Ovo pove\u0107ava pouzdanost i profesionalnost va\u0161eg brenda u o\u010dima kupaca.<\/p>\t\t\t\t\t\t\t\t<\/div>\n\t\t\t\t<div class=\"elementor-element elementor-element-30ffcfb elementor-widget elementor-widget-heading\" data-id=\"30ffcfb\" data-element_type=\"widget\" data-e-type=\"widget\" data-widget_type=\"heading.default\">\n\t\t\t\t\t<span class=\"elementor-heading-title elementor-size-default\">Treba vam pomo\u0107?<\/span>\t\t\t\t<\/div>\n\t\t\t\t<div class=\"elementor-element elementor-element-e4a14d1 elementor-widget__width-initial contact-list elementor-widget-tablet__width-inherit sasi-view-default elementor-widget elementor-widget-sasi-icon-list\" data-id=\"e4a14d1\" data-element_type=\"widget\" data-e-type=\"widget\" data-widget_type=\"sasi-icon-list.default\">\n\t\t\t\t<div class=\"elementor-widget-container\">\n\t\t\t\t\t\t        <div class=\"sasi-icon-list-wrapper\">\r\n\t        \t<ul class=\"unstyle sasi-icon-list-items \">\r\n\t        \t\t\t        \t\t\t<li class=\"sasi-icon-list-item \">\r\n\t        \t\t\t\t<a href=\"mailto:marketing@bitsync.ba\">\t\t\t\t\t\t\t<span class=\"sasi-icon-list-text title-link\">marketing@bitsync.ba<\/span>\r\n\t\t\t\t\t\t\t\t\t\t\t\t\t\t\t<\/a>\r\n\t\t\t\t\t\t\t\t        \t\t\t<\/li>\r\n\t        \t\t\t        \t\t\t<li class=\"sasi-icon-list-item \">\r\n\t        \t\t\t\t<a href=\"tel:387%2061%20153%20553\">\t\t\t\t\t\t\t<span class=\"sasi-icon-list-text title-link\">+387 61 153 553<\/span>\r\n\t\t\t\t\t\t\t\t\t\t\t\t\t\t\t<\/a>\r\n\t\t\t\t\t\t\t\t        \t\t\t<\/li>\r\n\t        \t\t\t        \t\t\t<li class=\"sasi-icon-list-item \">\r\n\t        \t\t\t\t<a href=\"https:\/\/www.google.com\/maps\/dir\/\/BitSync+d.o.o.,+prof.+Juraja+Neidharta,+Zenica+72000,+Bosna+i+Hercegovina\/@44.2033523,17.9275785,14z\/data=!3m1!4b1!4m8!4m7!1m0!1m5!1m1!1s0x475ee3534e58e1bf:0x9783f27d3d4dac7a!2m2!1d17.9034142!2d44.2138998?entry=ttu&#038;g_ep=EgoyMDI2MDMxOC4xIKXMDSoASAFQAw%3D%3D\" target=\"_blank\">\t\t\t\t\t\t\t<span class=\"sasi-icon-list-text title-link\">Prof. Juraja Neidhardta bb. Zenica<\/span>\r\n\t\t\t\t\t\t\t\t\t\t\t\t\t\t\t<\/a>\r\n\t\t\t\t\t\t\t\t        \t\t\t<\/li>\r\n\t        \t\t\t        \t<\/ul>\r\n\t        <\/div>\r\n\t    \t\t\t\t<\/div>\n\t\t\t\t<\/div>\n\t\t\t\t<div class=\"elementor-element elementor-element-4abf8b3 elementor-widget elementor-widget-heading\" data-id=\"4abf8b3\" data-element_type=\"widget\" data-e-type=\"widget\" data-widget_type=\"heading.default\">\n\t\t\t\t\t<span class=\"elementor-heading-title elementor-size-default\">Dru\u0161tvene mre\u017ee<\/span>\t\t\t\t<\/div>\n\t\t\t\t<div class=\"elementor-element elementor-element-a018661 elementor-widget elementor-widget-sasi-social-icons\" data-id=\"a018661\" data-element_type=\"widget\" data-e-type=\"widget\" data-widget_type=\"sasi-social-icons.default\">\n\t\t\t\t<div class=\"elementor-widget-container\">\n\t\t\t\t\t\t\t<div class=\"sasi-social-icons__wrapper dflex justify-content-center align-items-center\">\n\t\t\t\t\t\t\t<a class=\"sasi-social-icons__item dflex justify-content-center align-items-center sasi-social-icon-facebook-f elementor-repeater-item-a6e64bb\" aria-label=\"Social Icon Link\" href=\"https:\/\/www.facebook.com\/bitsync.ba\/\" target=\"_blank\">\n\t\t\t\t\t<span class=\"sasi-icon\">\t\t\t\t\t\t<svg class=\"e-font-icon-svg e-fab-facebook-f\" viewBox=\"0 0 320 512\" xmlns=\"http:\/\/www.w3.org\/2000\/svg\"><path d=\"M279.14 288l14.22-92.66h-88.91v-60.13c0-25.35 12.42-50.06 52.24-50.06h40.42V6.26S260.43 0 225.36 0c-73.22 0-121.08 44.38-121.08 124.72v70.62H22.89V288h81.39v224h100.17V288z\"><\/path><\/svg><\/span>\t\t\t\t\t\t\t\t\t<\/a>\n\t\t\t\t\t\t\t<a class=\"sasi-social-icons__item dflex justify-content-center align-items-center sasi-social-icon-linkedin-in elementor-repeater-item-a7885dd\" aria-label=\"Social Icon Link\" href=\"https:\/\/www.linkedin.com\/company\/bitsyncdoo\" target=\"_blank\">\n\t\t\t\t\t<span class=\"sasi-icon\">\t\t\t\t\t\t<svg class=\"e-font-icon-svg e-fab-linkedin-in\" viewBox=\"0 0 448 512\" xmlns=\"http:\/\/www.w3.org\/2000\/svg\"><path d=\"M100.28 448H7.4V148.9h92.88zM53.79 108.1C24.09 108.1 0 83.5 0 53.8a53.79 53.79 0 0 1 107.58 0c0 29.7-24.1 54.3-53.79 54.3zM447.9 448h-92.68V302.4c0-34.7-.7-79.2-48.29-79.2-48.29 0-55.69 37.7-55.69 76.7V448h-92.78V148.9h89.08v40.8h1.3c12.4-23.5 42.69-48.3 87.88-48.3 94 0 111.28 61.9 111.28 142.3V448z\"><\/path><\/svg><\/span>\t\t\t\t\t\t\t\t\t<\/a>\n\t\t\t\t\t\t\t<a class=\"sasi-social-icons__item dflex justify-content-center align-items-center sasi-social-icon-instagram elementor-repeater-item-ea393a2\" aria-label=\"Social Icon Link\" href=\"https:\/\/www.instagram.com\/bitsync.ba\/\" target=\"_blank\">\n\t\t\t\t\t<span class=\"sasi-icon\">\t\t\t\t\t\t<svg class=\"e-font-icon-svg e-fab-instagram\" viewBox=\"0 0 448 512\" xmlns=\"http:\/\/www.w3.org\/2000\/svg\"><path d=\"M224.1 141c-63.6 0-114.9 51.3-114.9 114.9s51.3 114.9 114.9 114.9S339 319.5 339 255.9 287.7 141 224.1 141zm0 189.6c-41.1 0-74.7-33.5-74.7-74.7s33.5-74.7 74.7-74.7 74.7 33.5 74.7 74.7-33.6 74.7-74.7 74.7zm146.4-194.3c0 14.9-12 26.8-26.8 26.8-14.9 0-26.8-12-26.8-26.8s12-26.8 26.8-26.8 26.8 12 26.8 26.8zm76.1 27.2c-1.7-35.9-9.9-67.7-36.2-93.9-26.2-26.2-58-34.4-93.9-36.2-37-2.1-147.9-2.1-184.9 0-35.8 1.7-67.6 9.9-93.9 36.1s-34.4 58-36.2 93.9c-2.1 37-2.1 147.9 0 184.9 1.7 35.9 9.9 67.7 36.2 93.9s58 34.4 93.9 36.2c37 2.1 147.9 2.1 184.9 0 35.9-1.7 67.7-9.9 93.9-36.2 26.2-26.2 34.4-58 36.2-93.9 2.1-37 2.1-147.8 0-184.8zM398.8 388c-7.8 19.6-22.9 34.7-42.6 42.6-29.5 11.7-99.5 9-132.1 9s-102.7 2.6-132.1-9c-19.6-7.8-34.7-22.9-42.6-42.6-11.7-29.5-9-99.5-9-132.1s-2.6-102.7 9-132.1c7.8-19.6 22.9-34.7 42.6-42.6 29.5-11.7 99.5-9 132.1-9s102.7-2.6 132.1 9c19.6 7.8 34.7 22.9 42.6 42.6 11.7 29.5 9 99.5 9 132.1s2.7 102.7-9 132.1z\"><\/path><\/svg><\/span>\t\t\t\t\t\t\t\t\t<\/a>\n\t\t\t\t\t<\/div>\n\t\t\t\t\t\t<\/div>\n\t\t\t\t<\/div>\n\t\t\t\t<\/div>\n\t\t<div class=\"elementor-element elementor-element-b49e56b e-con-full e-flex elementor-invisible e-con e-child\" data-id=\"b49e56b\" data-element_type=\"container\" data-e-type=\"container\" data-settings=\"{&quot;animation&quot;:&quot;bounceInRight&quot;}\">\n\t\t\t\t<div class=\"elementor-element elementor-element-febd5ad elementor-widget elementor-widget-shortcode\" data-id=\"febd5ad\" data-element_type=\"widget\" data-e-type=\"widget\" data-widget_type=\"shortcode.default\">\n\t\t\t\t\t\t\t<div class=\"elementor-shortcode\">\n<div class=\"wpcf7 no-js\" id=\"wpcf7-f2380-o1\" lang=\"en-US\" dir=\"ltr\" data-wpcf7-id=\"2380\">\n<div class=\"screen-reader-response\"><p role=\"status\" aria-live=\"polite\" aria-atomic=\"true\"><\/p> <ul><\/ul><\/div>\n<form action=\"\/index.php\/wp-json\/wp\/v2\/pages\/2373#wpcf7-f2380-o1\" method=\"post\" class=\"wpcf7-form init\" aria-label=\"Contact form\" novalidate=\"novalidate\" data-status=\"init\">\n<fieldset class=\"hidden-fields-container\"><input type=\"hidden\" name=\"_wpcf7\" value=\"2380\" \/><input type=\"hidden\" name=\"_wpcf7_version\" value=\"6.1.5\" \/><input type=\"hidden\" name=\"_wpcf7_locale\" value=\"en_US\" \/><input type=\"hidden\" name=\"_wpcf7_unit_tag\" value=\"wpcf7-f2380-o1\" \/><input type=\"hidden\" name=\"_wpcf7_container_post\" value=\"0\" \/><input type=\"hidden\" name=\"_wpcf7_posted_data_hash\" value=\"\" \/>\n<\/fieldset>\n<div class=\"sasi-cf-form main-form\">\n\t<p><label> Ime ili naziv firme* <span class=\"wpcf7-form-control-wrap\" data-name=\"your-name\"><input size=\"40\" maxlength=\"400\" class=\"wpcf7-form-control wpcf7-text wpcf7-validates-as-required\" aria-required=\"true\" aria-invalid=\"false\" placeholder=\"Niko Niki\u0107\" value=\"\" type=\"text\" name=\"your-name\" \/><\/span> <\/label>\n\t<\/p>\n\t<p><label> Email adresa* <span class=\"wpcf7-form-control-wrap\" data-name=\"your-email\"><input size=\"40\" maxlength=\"400\" class=\"wpcf7-form-control wpcf7-email wpcf7-validates-as-required wpcf7-text wpcf7-validates-as-email\" aria-required=\"true\" aria-invalid=\"false\" placeholder=\"Va\u0161a email adresa\" value=\"\" type=\"email\" name=\"your-email\" \/><\/span> <\/label>\n\t<\/p>\n\t<p><label> Subjekt* <span class=\"wpcf7-form-control-wrap\" data-name=\"your-subject\"><input size=\"40\" maxlength=\"400\" class=\"wpcf7-form-control wpcf7-text wpcf7-validates-as-required\" aria-required=\"true\" aria-invalid=\"false\" placeholder=\"Zainteresovani smo za...\" value=\"\" type=\"text\" name=\"your-subject\" \/><\/span> <\/label>\n\t<\/p>\n\t<p><label> Poruka* <span class=\"wpcf7-form-control-wrap\" data-name=\"your-message\"><textarea cols=\"40\" rows=\"10\" maxlength=\"2000\" class=\"wpcf7-form-control wpcf7-textarea wpcf7-validates-as-required\" aria-required=\"true\" aria-invalid=\"false\" placeholder=\"Sadr\u017eaj poruke\" name=\"your-message\"><\/textarea><\/span> <\/label>\n\t<\/p>\n\t<p class=\"no-bot\"><button class=\"sasi-btn sasi-btn-primary sasi-btn-icon\"><span class =\"sasi-text\">Po\u0161aljite<\/span><span class=\"sasi-icon\"><i class=\"ss-arrow-right\"><\/i><\/span><\/button><span class=\"wpcf7-spinner\"><\/span>\n\t<\/p>\n<\/div><div class=\"wpcf7-response-output\" aria-hidden=\"true\"><\/div>\n<\/form>\n<\/div>\n<\/div>\n\t\t\t\t\t\t<\/div>\n\t\t\t\t<\/div>\n\t\t\t\t\t<\/div>\n\t\t\t\t<\/div>\n\t\t<div class=\"elementor-element elementor-element-4275623 section-padd-bot e-flex e-con-boxed e-con e-parent\" data-id=\"4275623\" data-element_type=\"container\" data-e-type=\"container\">\n\t\t\t\t\t<div class=\"e-con-inner\">\n\t\t\t\t<div class=\"elementor-element elementor-element-d8352e6 elementor-widget elementor-widget-google_maps\" data-id=\"d8352e6\" data-element_type=\"widget\" data-e-type=\"widget\" data-widget_type=\"google_maps.default\">\n\t\t\t\t\t\t\t<div class=\"elementor-custom-embed\">\n\t\t\t<iframe loading=\"lazy\"\n\t\t\t\t\tsrc=\"https:\/\/maps.google.com\/maps?q=BitSync%20d.o.o.%20Zenica&#038;t=m&#038;z=13&#038;output=embed&#038;iwloc=near\"\n\t\t\t\t\ttitle=\"BitSync d.o.o. Zenica\"\n\t\t\t\t\taria-label=\"BitSync d.o.o. Zenica\"\n\t\t\t><\/iframe>\n\t\t<\/div>\n\t\t\t\t\t\t<\/div>\n\t\t\t\t\t<\/div>\n\t\t\t\t<\/div>\n\t\t\t\t<\/div>\n\t\t","protected":false},"excerpt":{"rendered":"<p>Kontaktirajte nas Pobolj\u0161ajte Va\u0161e poslovanje Smanjenje ru\u010dnog rada minimizira gre\u0161ke u listingu proizvoda, \u0161to dovodi do ve\u0107e preciznosti u inventaru i opisima proizvoda. Ovo pove\u0107ava pouzdanost i profesionalnost va\u0161eg brenda u o\u010dima kupaca. Treba vam pomo\u0107? marketing@bitsync.ba +387 61 153 553 Prof. Juraja Neidhardta bb. Zenica Dru\u0161tvene mre\u017ee<\/p>\n","protected":false},"author":1,"featured_media":0,"parent":0,"menu_order":0,"comment_status":"closed","ping_status":"closed","template":"","meta":{"footnotes":""},"class_list":["post-2373","page","type-page","status-publish","hentry"],"_links":{"self":[{"href":"https:\/\/bitsync.live\/index.php\/wp-json\/wp\/v2\/pages\/2373","targetHints":{"allow":["GET"]}}],"collection":[{"href":"https:\/\/bitsync.live\/index.php\/wp-json\/wp\/v2\/pages"}],"about":[{"href":"https:\/\/bitsync.live\/index.php\/wp-json\/wp\/v2\/types\/page"}],"author":[{"embeddable":true,"href":"https:\/\/bitsync.live\/index.php\/wp-json\/wp\/v2\/users\/1"}],"replies":[{"embeddable":true,"href":"https:\/\/bitsync.live\/index.php\/wp-json\/wp\/v2\/comments?post=2373"}],"version-history":[{"count":4,"href":"https:\/\/bitsync.live\/index.php\/wp-json\/wp\/v2\/pages\/2373\/revisions"}],"predecessor-version":[{"id":5674,"href":"https:\/\/bitsync.live\/index.php\/wp-json\/wp\/v2\/pages\/2373\/revisions\/5674"}],"wp:attachment":[{"href":"https:\/\/bitsync.live\/index.php\/wp-json\/wp\/v2\/media?parent=2373"}],"curies":[{"name":"wp","href":"https:\/\/api.w.org\/{rel}","templated":true}]}}